{"id":1141,"date":"2012-06-03T18:02:56","date_gmt":"2012-06-03T18:02:56","guid":{"rendered":"http:\/\/www.deichphoto.com\/?page_id=1141"},"modified":"2020-04-24T13:04:16","modified_gmt":"2020-04-24T13:04:16","slug":"impressum","status":"publish","type":"page","link":"http:\/\/www.deichphoto.com\/?page_id=1141","title":{"rendered":"Impressum"},"content":{"rendered":"<h1>Verantwortlich<\/h1>\n<p>f\u00fcr die Planung, Gestaltung, Realisierung und Betreuung der Inhalte sowie f\u00fcr die Unterhaltung der Domain www.deichphoto.com:<\/p>\n<p>Rainer Schmidt<\/p>\n<p>Borgfelder Deich 17c<\/p>\n<p>28357 Bremen<\/p>\n<p>Tel. 01577 &#8211; 450 45 71<\/p>\n<p>Email: Rainer(at)deichphoto(dot)com<\/p>\n<p>Bei Interesse an einer Zusammenarbeit, bitte eMail an rainer@deichphoto.com<\/p>\n<p><strong>DISCLAIMER<\/strong><\/p>\n<p>COPYRIGHT\u00a0\u00a9 2018<\/p>\n<p>Alle Rechte vorbehalten.<\/p>\n<p>Alle Inhalte (Photos, Texte, Logo u.a.) auf dieser Website unterliegen dem Schutz des Urheberrechts und anderer Schutzgesetze.<br \/>\nDie Kopie und die Verwendung meiner Photos sind ausdr\u00fccklich untersagt.<\/p>\n<p>Trotz sorgf\u00e4ltiger inhaltlicher Kontrolle \u00fcbernehme ich keine Haftung f\u00fcr die Inhalte externer Links. F\u00fcr den Inhalt verlinkter Seiten sind ausschlie\u00dflich deren Betreiber verantwortlich.<\/p>\n","protected":false},"excerpt":{"rendered":"<p>Verantwortlich f\u00fcr die Planung, Gestaltung, Realisierung und Betreuung der Inhalte sowie f\u00fcr die Unterhaltung der Domain www.deichphoto.com: Rainer Schmidt Borgfelder Deich 17c 28357 Bremen Tel. 01577 &#8211; 450 45 71 Email: Rainer(at)deichphoto(dot)com Bei Interesse an einer Zusammenarbeit, bitte eMail an rainer@deichphoto.com DISCLAIMER COPYRIGHT\u00a0\u00a9 2018 Alle Rechte vorbehalten. Alle Inhalte (Photos, Texte, Logo u.a.) auf dieser...<\/p>\n","protected":false},"author":1,"featured_media":0,"parent":0,"menu_order":0,"comment_status":"closed","ping_status":"closed","template":"","meta":{"pp_embeds":"","footnotes":""},"class_list":["post-1141","page","type-page","status-publish","hentry"],"_links":{"self":[{"href":"http:\/\/www.deichphoto.com\/index.php?rest_route=\/wp\/v2\/pages\/1141","targetHints":{"allow":["GET"]}}],"collection":[{"href":"http:\/\/www.deichphoto.com\/index.php?rest_route=\/wp\/v2\/pages"}],"about":[{"href":"http:\/\/www.deichphoto.com\/index.php?rest_route=\/wp\/v2\/types\/page"}],"author":[{"embeddable":true,"href":"http:\/\/www.deichphoto.com\/index.php?rest_route=\/wp\/v2\/users\/1"}],"replies":[{"embeddable":true,"href":"http:\/\/www.deichphoto.com\/index.php?rest_route=%2Fwp%2Fv2%2Fcomments&post=1141"}],"version-history":[{"count":15,"href":"http:\/\/www.deichphoto.com\/index.php?rest_route=\/wp\/v2\/pages\/1141\/revisions"}],"predecessor-version":[{"id":3047,"href":"http:\/\/www.deichphoto.com\/index.php?rest_route=\/wp\/v2\/pages\/1141\/revisions\/3047"}],"wp:attachment":[{"href":"http:\/\/www.deichphoto.com\/index.php?rest_route=%2Fwp%2Fv2%2Fmedia&parent=1141"}],"curies":[{"name":"wp","href":"https:\/\/api.w.org\/{rel}","templated":true}]}}