{"id":2604,"date":"2018-05-22T12:49:01","date_gmt":"2018-05-22T12:49:01","guid":{"rendered":"http:\/\/www.deichphoto.com\/?page_id=2604"},"modified":"2018-09-26T12:21:11","modified_gmt":"2018-09-26T12:21:11","slug":"datenschutzerklaerung","status":"publish","type":"page","link":"http:\/\/www.deichphoto.com\/?page_id=2604","title":{"rendered":"Datenschutzerkl\u00e4rung"},"content":{"rendered":"<ol>\n<li>\n<h1><span style=\"font-family: Arial, sans-serif;\"><span style=\"font-size: x-large;\">Datenschutz auf einen Blick<\/span><\/span><\/h1>\n<\/li>\n<\/ol>\n<p><span style=\"font-family: Arial, sans-serif;\"><span style=\"font-size: large;\"><b>Allgemeine Hinweise<\/b><\/span><\/span><\/p>\n<p><span style=\"font-family: Arial, sans-serif;\">Die folgenden Hinweise geben einen einfachen \u00dcberblick dar\u00fcber, was mit Ihren personenbezogenen Daten passiert, wenn Sie unsere Website besuchen. Personenbezogene Daten sind alle Daten, mit denen Sie pers\u00f6nlich identifiziert werden k\u00f6nnen. Ausf\u00fchrliche Informationen zum Thema Datenschutz entnehmen Sie unserer diesem text aufgef\u00fchrten Datenschutzerkl\u00e4rung.<\/span><\/p>\n<p><span style=\"font-family: Arial, sans-serif;\"><span style=\"font-size: large;\"><b>Datenerfassung auf dieser Website<\/b><\/span><\/span><\/p>\n<p><span style=\"font-family: Arial, sans-serif;\">Wer ist verantwortlich f\u00fcr die Datenerfassung auf dieser Website ?<\/span><\/p>\n<p><span style=\"font-family: Arial, sans-serif;\">Rainer Schmidt<\/span><\/p>\n<p><span style=\"font-family: Arial, sans-serif;\">Borgfelder Deich 17c<\/span><\/p>\n<p><span style=\"font-family: Arial, sans-serif;\">28357 Bremen<\/span><\/p>\n<p><span style=\"font-family: Arial, sans-serif;\">Telefon: 0421 \u2013 68 416 416<\/span><\/p>\n<p><span style=\"font-family: Arial, sans-serif;\">E-Mail:<a>rainer@deichphoto.com<\/a><\/span><\/p>\n<p>&nbsp;<\/p>\n<p><span style=\"font-family: Arial, sans-serif;\"><b>Wie erfassen wir Ihre Daten ?<\/b><\/span><\/p>\n<p><span style=\"font-family: Arial, sans-serif;\">Ihre Daten werden zum einen dadurch erhoben, dass Sie uns diese mitteilen. Hierbei kann es sich zum Beispiel um Daten handeln, die Sie in ein Kontaktformular eingeben.<\/span><\/p>\n<p><span style=\"font-family: Arial, sans-serif;\">Andere Daten werden automatisch beim Besuch der Website durch die IT-Systeme erfasst. Das sind vor allem technische Daten (zB Internetbrowser, Betriebssystem usw): Die Erfassung dieser Daten erfolgt automatisch, sobald Sie die Website betreten.<\/span><\/p>\n<p>&nbsp;<\/p>\n<p><span style=\"font-family: Arial, sans-serif;\"><b>Wof\u00fcr nutzen wir Ihre Daten ?<\/b><\/span><\/p>\n<p><span style=\"font-family: Arial, sans-serif;\">Ein Teil Ihrer Daten wird erhaben, um eine fehlerfreie Bereitstellung der Website zu gew\u00e4hrleisten. Andere Daten k\u00f6nnen zur Analyse Ihres Nutzerverhaltens verwendet werden.<\/span><\/p>\n<p><span style=\"font-family: Arial, sans-serif;\">Welche Rechte haben Sie bez\u00fcglich Ihrer Daten ?<\/span><\/p>\n<p><span style=\"font-family: Arial, sans-serif;\">Sie haben jederzeit das Recht, unentgeltlich Auskunft \u00fcber Herkunft, Empf\u00e4nger und Zweck Ihrer gespeicherten personenbezogenen Daten zu erhalten. Sie haben ausserdem ein recht, die Berichtigung, Sperrung und L\u00f6schung dieser Daten zu verlangen.<\/span><\/p>\n<p><span style=\"font-family: Arial, sans-serif;\">Ausserdem haben Sie das Recht, unter bestimmten Umst\u00e4nden, die Einschr\u00e4nkung der Verarbeitung Ihrer personenbezogenen Daten zu verlangen. Details dazu in der Datenschutzerkl\u00e4rung unter \u201eRecht auf Einschr\u00e4nkung der Verarbeitung\u201c.<\/span><\/p>\n<p>&nbsp;<\/p>\n<ol start=\"2\">\n<li>\n<h1><span style=\"font-family: Arial, sans-serif;\"><span style=\"font-size: x-large;\">Allgemeine Hinweise und Pflichtinformationen<\/span><\/span><\/h1>\n<\/li>\n<\/ol>\n<p><strong><span style=\"font-family: Arial, sans-serif;\"><span style=\"font-size: large;\">Datenschutz<\/span><\/span><\/strong><\/p>\n<p><span style=\"font-family: Arial, sans-serif;\">Die Betreiber dieser Seiten nehmen den Schutz Ihrer pers\u00f6nlichen Daten sehr ernst. Wir behandeln Ihre personenbezogenen Daten vertraulich und entsprechend der gesetzlichen Datenschutzvorschriften sowie dieser Datenschutzerkl\u00e4rung.<\/span><\/p>\n<p><span style=\"font-family: Arial, sans-serif;\">Wenn Sie diese Website benutzen, werden verschiedene Daten erhoben.<\/span><\/p>\n<p><span style=\"font-family: Arial, sans-serif;\">Personenbezogene Daten sind Daten, mit denen Sie pers\u00f6nlich identifiziert werden k\u00f6nnen. Die vorliegende Datenschutzerkl\u00e4rung erl\u00e4utert, welche Daten wir erheben und wof\u00fcr wir sie nutzen. Sie erl\u00e4utert auch, wie und zu welchem Zweck dies geschieht.<\/span><\/p>\n<p><span style=\"font-family: Arial, sans-serif;\">Wir weisen darauf hin, dass die Daten\u00fcbertragung im Internet (zB die Kommunikation per E-Mail) Sicherheitsl\u00fccken aufweisen kann. Ein l\u00fcckenloser Schutz der Daten vor dem Zugriff durch Dritte ist nicht m\u00f6glich.<\/span><\/p>\n<p>&nbsp;<\/p>\n<p><span style=\"font-family: Arial, sans-serif;\"><span style=\"font-size: large;\"><b>Widerruf Ihrer Einwilligung zur Datenverarbeitung<\/b><\/span><\/span><\/p>\n<p><span style=\"font-family: Arial, sans-serif;\">Viele Datenverarbeitungsvorg\u00e4nge sind nur mit Ihrer pers\u00f6nlichen Einwilligung m\u00f6glich. Sie k\u00f6nnen eine bereits erteilte Einwilligung jederzeit widerrufen. Dazu reicht eine formlose Mitteilung per E-Mail an uns. Die Rechtm\u00e4\u00dfigkeit der bis zum Widerruf erfolgten Datenverarbeitung bleibt vom Widerruf unber\u00fchrt.<\/span><\/p>\n<p>&nbsp;<\/p>\n<p><span style=\"font-family: Arial, sans-serif;\"><span style=\"font-size: large;\"><b>Widerspruchsrecht gegen die Datenerhebung in besonderen F\u00e4llen sowie gegen Direktwerbung (Art. 21 DSGVO)<\/b><\/span><\/span><\/p>\n<p><span style=\"font-family: Arial, sans-serif;\">Wenn die Datenverarbeitung auf Grundlage von Art. 6 Abs. 1lit. E oder f DSGVO erfolgt, haben Sie jederzeit das recht, aus Gr\u00fcnden, die sich aus Ihrer besonderen Situation ergeben, gegen die Verarbeitung Ihrer personenbezogenen Daten Widerspruch einzulegen; dies gilt auch f\u00fcr ein auf diese Bestimmungen gest\u00fctztes Profiling. Die jeweilige Rechtsgrundlage, auf denen eine Verarbeitung beruht, entnehmen Sie dieser Datenschutzerkl\u00e4rung. Wenn Sie Widerspruch einlegen, werden wir Ihre personenbezogenen Daten nicht mehr verarbeiten, es sei denn, wir k\u00f6nnen zwingende schutzw\u00fcrdige Gr\u00fcnde f\u00fcr die Verarbeitung nachweisen, die Ihre Interessen, Recht und Freiheiten \u00fcberwiegen oder die Verarbeitung dient der Geltendmachung, Aus\u00fcbung oder Verteidigung von Rechtsanspr\u00fcchen (Widerspruch nach Art. 21 Abs 1 DSGVO).<\/span><\/p>\n<p><span style=\"font-family: Arial, sans-serif;\">Werden Ihre personenbezogenen Daten verarbeitet, um Direktwerbung zu betreiben, so haben Sie das Recht, jederzeit Widerspruch gegen die Verarbeitung Sie betreffender personenbezogener Daten zum Zwecke derartiger Werbung einzulegen; dies gilt auch f\u00fcr das Profiling, soweit es mit solcher Direktwerbung in Verbindung steht. Wenn Sie widersprechen, werden Ihre personenbezogenen Daten anschliessend nicht mehr zum Zwecke der Direktwerbung verwendet (Widerspruch nach Art. 21 Abs. 2 DSGVO).<\/span><\/p>\n<p>&nbsp;<\/p>\n<p><span style=\"font-family: Arial, sans-serif;\"><span style=\"font-size: large;\"><b>Beschwerderecht bei der zust\u00e4ndigen Aufsichtsbeh\u00f6rde<\/b><\/span><\/span><\/p>\n<p><span style=\"font-family: Arial, sans-serif;\">Im Falle von Verst\u00f6ssen gegen die DSGVO steht den betroffenen ein Beschwerderecht bei einer Aufsichtsbeh\u00f6rde, insbesondere in dem Mitgliedsstaat Ihres gew\u00f6hnlichen Aufenthalts, Ihres Arbeitsplatzes oder des Orts des mutmasslichen Verstosses zu. Das Beschwerderecht besteht unbeschadet anderweitiger verwaltungsrechtlicher oder gerichtlicher Rechtsbehelfe.<\/span><\/p>\n<p>&nbsp;<\/p>\n<p><span style=\"font-family: Arial, sans-serif;\"><span style=\"font-size: large;\"><b>Recht auf Daten\u00fcbertragbarkeit<\/b><\/span><\/span><\/p>\n<p><span style=\"font-family: Arial, sans-serif;\">Sie haben das Recht, Daten, die wir auf Grundlage Ihrer Einwilligung oder in Erf\u00fcllung eines Vertrages automatisiert verarbeiten, an sich oder an einen Dritten in einem g\u00e4nige Format aush\u00e4ndigen zu lassen. Sofern Sie die direkte \u00dcbertragung der Daten an einen anderen Verantwortlichen verlangen, erfolgt dies nur, soweit es technisch machbar ist.<\/span><\/p>\n<p>&nbsp;<\/p>\n<p><span style=\"font-family: Arial, sans-serif;\"><span style=\"font-size: large;\">A<\/span><span style=\"font-size: large;\"><b>uskunft, Sperrung, L\u00f6schung und Berichtigung<\/b><\/span><\/span><\/p>\n<p><span style=\"font-family: Arial, sans-serif;\">Sie haben im Rahmen der geltenden gesetzlichen Bestimmungen jederzeit das Recht auf unentgeltliche Auskunft \u00fcber Ihre gespeicherten Daten, deren Herkunft und Empf\u00e4nger und den Zweck der Datenverarbeitung und ggf ein recht auf Berichtigung, Sperrung oder L\u00f6schung dieser Daten. Hierzu sowie zu weiteren Fragen zum Thema \u201epersonenbezogene Daten\u201c k\u00f6nnen Sie sich jederzeit unter der im Impressum angegebenen Adresse an uns wenden.<\/span><\/p>\n<p><span style=\"font-family: Arial, sans-serif;\">Recht auf Einschr\u00e4nkung der Verarbeitungseinschr\u00e4nkung<\/span><\/p>\n<p><span style=\"font-family: Arial, sans-serif;\">Sie haben das Recht, die Einschr\u00e4nkung der Verarbeitung Ihrer personenbezogenen Daten zu verlangen. Hierzu k\u00f6nnen Sie sich jederzeit unter der im Impressum angegebenen Adresse an uns wenden. Das Recht auf Einschr\u00e4nkung der Verarbeitung besteht in folgenden F\u00e4llen:<\/span><\/p>\n<ul>\n<li><span style=\"font-family: Arial, sans-serif;\">Wenn Sie die Richtigkeit Ihrer bei uns gespeicherten personenbezogenen Daten bestreiten, ben\u00f6tigen wir in der Regel Zeit, um dies zu \u00fcberpr\u00fcfen. F\u00fcr die Dauer der Pr\u00fcfung haben Sie das recht, die Einschr\u00e4nkung der Verarbeitung Ihrer personenbezogenen Daten zu verlangen.<\/span><\/li>\n<li><span style=\"font-family: Arial, sans-serif;\">Wenn die Verarbeitung Ihrer personenbezogenen Daten unrechtm\u00e4\u00dfig geschah\/ geschieht, k\u00f6nnen Sie statt der L\u00f6schung die Einschr\u00e4nkung der Datenverarbeitung verlangen.<\/span><\/li>\n<li><span style=\"font-family: Arial, sans-serif;\">Wenn wir Ihre personenbezogenen Daten nicht mehr ben\u00f6tigen, haben Sie das recht, statt der L\u00f6schung die Einschr\u00e4nkung der Verarbeitung Ihrer personenbezogenen Daten zu verlangen.<\/span><\/li>\n<li><span style=\"font-family: Arial, sans-serif;\">Wenn Sie einen Widerspruch nach Art. 21 Abs. 1 DSVGO eingelegt haben, muss eine Abw\u00e4gung zwischen Ihren und unseren Interessen vorgenommen werden. Solange noch nicht feststeht, wessen Interessen \u00fcberwiegen, haben Sie das Recht, die Einschr\u00e4nkung Ihrer personenbezogenen Daten zu verlangen.<\/span><\/li>\n<\/ul>\n<p><span style=\"font-family: Arial, sans-serif;\">Wenn Sie die Verarbeitung Ihrer personenbezogenen Daten eingeschr\u00e4nkt haben, d\u00fcrfen diese Daten \u2013 von Ihrer Speicherung abgesehen \u2013 nur mit Einwilligung oder zur Geltendmachung, Aus\u00fcbung oder Verteidigung von Rechtsanspr\u00fcchen oder zum Schutz der Rechte einer anderen nat\u00fcrlichen oder juristischen Person oder aus Gr\u00fcnden eines wichtigen \u00f6ffentlichen Interesses der Europ\u00e4ischen Union oder eines Mitgliedsstaats verarbeitet werden.<\/span><\/p>\n<p><span style=\"font-family: Arial, sans-serif;\"><span style=\"font-size: large;\"><b>Widerspruch gegen Werbe-E-Mails<\/b><\/span><\/span><\/p>\n<p><span style=\"font-family: Arial, sans-serif;\">Der Nutzung von im Rahmen der Impressumspflicht ver\u00f6ffentlichten Kontaktdaten zur \u00dcbersendung von nicht ausdr\u00fccklich angeforderter Werbung und Informationsmaterialien wird hiermit widersprochen. Die Betreiber der Seite behalten sich ausdr\u00fccklich rechtliche Schritte im Falle der unverlangten Zusendung von Werbeinformationen, etwas durch Spam-E-Mails, vor.<\/span><\/p>\n<p>&nbsp;<\/p>\n<ol start=\"3\">\n<li>\n<h1><span style=\"font-family: Arial, sans-serif;\"><span style=\"font-size: x-large;\">Datenerfassung auf unserer Website<\/span><\/span><\/h1>\n<\/li>\n<\/ol>\n<p><span style=\"font-family: Arial, sans-serif;\"><span style=\"font-size: large;\"><b>Cookies<\/b><\/span><\/span><\/p>\n<p><span style=\"font-family: Arial, sans-serif;\">Die Internetseiten verwenden teilweise so genannte Cookies. Cookies richten auf Ihrem Rechner keinen Schaden an und enthalten keine Viren. Cookies dienen dazu, unser Angebot nutzerfreundlicher, effektiver und sicherer zu machen. Cookies sind kleine textdateien, die auf Ihrem rechner abgelegt ewrden und die Ihr Browser speichert.<\/span><\/p>\n<p><span style=\"font-family: Arial, sans-serif;\">Die meisten der von uns verwendeten Cookies sind so genannte \u201eSession-Cookies\u201c. Sie werden nach Ende Ihres Besuchs automatisch gel\u00f6scht. Andere Cookies bleiben auf Ihrem Endger\u00e4t gespeichert bis Sie diese l\u00f6schen. Diese Cookies erm\u00f6glichen es uns, Ihren Browser beim n\u00e4chsten Besuch wiederzuerkennen.<\/span><\/p>\n<p><span style=\"font-family: Arial, sans-serif;\">Sie k\u00f6nnen Ihren Browser so einstellen, dass Sie \u00fcber das Setzen von Cookies informiert werden und Cookies nur im Einzelfall erlauben, die Annahme von Cookies f\u00fcr bestimmte F\u00e4lle oder generell ausschliessen sowie das automatische L\u00f6schen der Cookies beim Schliessen des Browser aktivieren. Bei der Deaktivierung von Cookies kann die Funktionalit\u00e4t dieser Website eingeschr\u00e4nkt sein.<\/span><\/p>\n<p><span style=\"font-family: Arial, sans-serif;\">Cookies, die zur Durchf\u00fchrung des elektronischen Kommunikationsvorgangs oder zur Bereitstellung bestimmter, von Ihnen erw\u00fcnschter Funktionen erforderlich sind, werden auf Grundlage von Art.6 Abs. 1 lit. DSVGO gespeichert. Der Websitebetreiber hat ein berechtigtes Interesse an der Speicherung von Cookies zur technisch fehlerfreien und optimierten Bereitstellung seiner Dienste. Soweit andere Cookies gespeichert werden, werden diese in dieser Datenschutzerkl\u00e4rung gesondert behandelt.<\/span><\/p>\n<p>&nbsp;<\/p>\n<p><span style=\"font-family: Arial, sans-serif;\"><span style=\"font-size: large;\"><b>Kontaktformular<\/b><\/span><\/span><\/p>\n<p><span style=\"font-family: Arial, sans-serif;\">Wenn Sie uns per Kontaktformular Anfragen zukommen lassen, werden Ihre Angaben aus dem Anfrageformular inklusive der von Ihnen dort angegebenen Kontaktdaten zwecks bearbeitung der Anfrage und f\u00fcr den Fall von Anschlussfragen bei uns gespeichert. Diese Daten geben wir nicht ohne Ihre Einwilligung weiter.<\/span><\/p>\n<p><span style=\"font-family: Arial, sans-serif;\">Die Verarbeitung der in das Kontaktformular eingegeben Daten erfolgt somit ausschliesslich auf Grundlage Ihrer Einwilligung (Art. 6 Abs. 1 lit. A DSVGO). Sie k\u00f6nnen diese Einwilligung jeerzeit widerrufen. Dazu reicht eine formlose Mitteilung per E-Mail an uns. Die rechtm\u00e4ssigkeit der bis zum Widerruf erfolgten Datenverarbeitungsvorg\u00e4nge bleibt vom Widerruf unber\u00fchrt.<\/span><\/p>\n<p><span style=\"font-family: Arial, sans-serif;\">Die von Ihnen im Kontaktformular eingegebenen Daten verbleiben bei uns, bis Sie uns zur L\u00f6schung auffordern, Ihre Einwilligung zur Speicherung widerrufen oder der Zweck f\u00fcr die Datenspeicherung entf\u00e4llt (zB nach abgeschlossener Bearbeitung Ihrer Anfrage). Zwingende gesetzliche Bestimmungen \u2013 insbesondere Aufbewahnungsfristen \u2013 bleiben unber\u00fchrt.<\/span><\/p>\n<p>&nbsp;<\/p>\n<p><span style=\"font-family: Arial, sans-serif;\"><span style=\"font-size: large;\"><b>Anfrage per E-Mail oder Telefonnummer<\/b><\/span><\/span><\/p>\n<p><span style=\"font-family: Arial, sans-serif;\">Wenn Sie uns per E-Mail oder Telefon kontaktieren, wird Ihre Anfrage inklusive aller daraus hervorgehenden personenbezogenen Daten (Name, Anfrage) zum Zwecke der Bearbeitung Ihres Anliegens bei uns gespeichert und verarbeitet. Diese Daten geben wir nicht ohne Einwilligung weiter.<\/span><\/p>\n<p><span style=\"font-family: Arial, sans-serif;\">Die Verarbeitung dieser Daten erfolgt auf Grundlage von Art. 6 Abs. 1 lit. B DSVGO, sofern Ihre Anfrage mit der Erf\u00fcllung eines Vertrages zusammenh\u00e4ngt oder zur Durchf\u00fchrung vorvertraglicher Massnahmen erforderlich ist. In allen \u00fcbrigen F\u00e4llen beruht die vVerarbeitung auf Ihrer Einwilligung (Art. 6 Abs. 1 lit.a DSVGO) und\/ oder auf unseren berechtigten Interesse an der effektiven Bearbeitung der an uns gerichteten Anfragen haben.<\/span><\/p>\n<p><span style=\"font-family: Arial, sans-serif;\">Die von Ihnen an uns per Kontaktanfragen \u00fcbersandten Daten verbleiben bei uns, bis Sie uns zur L\u00f6schung auffordern, Ihre Einwilligung zur Speicherung widerrufen oder der Zweck f\u00fcr die Datenspeicherung entf\u00e4llt (zB nach abgeschlossener Bearbeitung Ihres Anliegens). Zwingende gesetzliche bestimmungen \u2013 insbesondere gesetzliche Aufbewahrungsfristen &#8211; bleiben unber\u00fchrt.<\/span><\/p>\n<p>&nbsp;<\/p>\n<p><span style=\"font-family: Arial, sans-serif;\"><span style=\"font-size: large;\"><b>Instagram Plugin<\/b><\/span><\/span><\/p>\n<p><span style=\"font-family: Arial, sans-serif;\">Auf unseren Seiten sind Funktionen des Dienstes Instagrm eingebunden. Diese Funktionen werden angeboten durch die Instagram Inc., 1601 Willow Road, Menlo Park, CA 94025, USA.<\/span><\/p>\n<p><span style=\"font-family: Arial, sans-serif;\">Wenn Sie in Ihrem Instagram-Account eingeloggt sind, k\u00f6nnen Sie durch Anklicken des Instagram-Buttons die Inhalte unserer Seiten mit Ihrem Instagrm-Profil verlinken. Dadurch kann Instagram den Besuch unserer Seiten Ihrem Benutzerkonto zuordnen. Wir weisen darauf hin, dass wir als Anbieter der Seiten keine Kenntnis vom Inhalt der \u00fcbermittelten Daten sowie deren Nutzung durch Instagram erhalten.<\/span><\/p>\n<p><span style=\"font-family: Arial, sans-serif;\">Die Verwendung des Instagram-Plugins erfolgt auf Grundlage von Art. 6 Abs.1 lit.f DSGVO. Der Websitebetreiber hat ein berechtigtes Interesse an einer m\u00f6glichst umfangreichen Sichtbarkeit in den Sozialen Medien.<\/span><\/p>\n<p><span style=\"font-family: Arial, sans-serif;\">Weitere Informationen hierzu finden Sie in der Datenschutzerkl\u00e4rung von Instagram:<\/span><\/p>\n<p><span style=\"font-family: Arial, sans-serif;\"><a href=\"https:\/\/instagram.com\/about\/legal\/privacy\/\">https:\/\/instagram.com\/about\/legal\/privacy\/<\/a>.<\/span><\/p>\n<p>&nbsp;<\/p>\n<ol start=\"4\">\n<li>\n<h1><span style=\"font-family: Arial, sans-serif;\"><span style=\"font-size: x-large;\"><span style=\"color: #000000;\"><b>\u00c4nderungen der Datenschutzerkl\u00e4rung<\/b><\/span><\/span><\/span><\/h1>\n<\/li>\n<\/ol>\n<p><span style=\"color: #000000;\"><span style=\"font-family: Arial, sans-serif;\"><span style=\"font-size: medium;\">Wir behalten uns vor, die Datenschutzerkl\u00e4rung zu \u00e4ndern, um sie an ge\u00e4nderte Rechtslagen, oder bei \u00c4nderungen des Dienstes sowie der Datenverarbeitung anzupassen. Dies gilt jedoch nur im Hinblick auf Erkl\u00e4rungen zur Datenverarbeitung. Sofern Einwilligungen der Nutzer erforderlich sind oder Bestandteile der Datenschutzerkl\u00e4rung Regelungen des Vertragsverh\u00e4ltnisses mit den Nutzern enthalten, erfolgen die \u00c4nderungen nur mit Zustimmung der Nutzer.<br \/>\nDie Nutzer werden gebeten sich regelm\u00e4\u00dfig \u00fcber den Inhalt der Datenschutzerkl\u00e4rung zu informieren.<\/span><\/span><\/span><\/p>\n<p><span style=\"font-family: Arial, sans-serif;\">Quelle: e \u2013 recht 24 (teilweise)<\/span><\/p>\n<p>&nbsp;<\/p>\n<p><span style=\"font-family: Arial, sans-serif;\">September 2018<\/span><\/p>\n","protected":false},"excerpt":{"rendered":"<p>Datenschutz auf einen Blick Allgemeine Hinweise Die folgenden Hinweise geben einen einfachen \u00dcberblick dar\u00fcber, was mit Ihren personenbezogenen Daten passiert, wenn Sie unsere Website besuchen. Personenbezogene Daten sind alle Daten, mit denen Sie pers\u00f6nlich identifiziert werden k\u00f6nnen. Ausf\u00fchrliche Informationen zum Thema Datenschutz entnehmen Sie unserer diesem text aufgef\u00fchrten Datenschutzerkl\u00e4rung. Datenerfassung auf dieser Website Wer ist...<\/p>\n","protected":false},"author":1,"featured_media":0,"parent":0,"menu_order":0,"comment_status":"closed","ping_status":"closed","template":"","meta":{"pp_embeds":"","footnotes":""},"class_list":["post-2604","page","type-page","status-publish","hentry"],"_links":{"self":[{"href":"http:\/\/www.deichphoto.com\/index.php?rest_route=\/wp\/v2\/pages\/2604","targetHints":{"allow":["GET"]}}],"collection":[{"href":"http:\/\/www.deichphoto.com\/index.php?rest_route=\/wp\/v2\/pages"}],"about":[{"href":"http:\/\/www.deichphoto.com\/index.php?rest_route=\/wp\/v2\/types\/page"}],"author":[{"embeddable":true,"href":"http:\/\/www.deichphoto.com\/index.php?rest_route=\/wp\/v2\/users\/1"}],"replies":[{"embeddable":true,"href":"http:\/\/www.deichphoto.com\/index.php?rest_route=%2Fwp%2Fv2%2Fcomments&post=2604"}],"version-history":[{"count":3,"href":"http:\/\/www.deichphoto.com\/index.php?rest_route=\/wp\/v2\/pages\/2604\/revisions"}],"predecessor-version":[{"id":3026,"href":"http:\/\/www.deichphoto.com\/index.php?rest_route=\/wp\/v2\/pages\/2604\/revisions\/3026"}],"wp:attachment":[{"href":"http:\/\/www.deichphoto.com\/index.php?rest_route=%2Fwp%2Fv2%2Fmedia&parent=2604"}],"curies":[{"name":"wp","href":"https:\/\/api.w.org\/{rel}","templated":true}]}}